{"id":143,"date":"2013-11-26T12:40:37","date_gmt":"2013-11-26T12:40:37","guid":{"rendered":"http:\/\/wservice.solerpalau.com\/?page_id=143"},"modified":"2013-11-26T14:26:49","modified_gmt":"2013-11-26T14:26:49","slug":"primeros-pasos-con-el-sdk-para-php","status":"publish","type":"page","link":"https:\/\/wservice.solerpalau.com\/es\/sp-api\/primeros-pasos-con-el-sdk-para-php\/","title":{"rendered":"Primeros pasos con el SDK para PHP"},"content":{"rendered":"<h3 id=\"cliente-php\">Cliente Php<\/h3>\n<p>Desde el cliente Php la carga del contenido se realizara a nivel de servidor. Esta cargara los contenido que se hayan parametrizado en la configuraci\u00f3n.<\/p>\n<p><button onclick=\"window.open('\/SP_API\/samples\/sp-connector.txt');\">Descargar PHP SDK<\/button><\/p>\n<h4>Instalaci\u00f3n del php<\/h4>\n<p>Para el correcto funcionamiento deberemos incluir el fichero <strong>sp-connector.php<\/strong> para cargar las funcionalidades.<\/p>\n<pre><code>\u00a0&lt;?php require_once('sp-conector.php'); ?&gt;<\/code><\/pre>\n<p>Y crearemos una nueva conexi\u00f3n.<\/p>\n<pre><code>\u00a0&lt;?php $sp = new sp_connector(); ?&gt;<\/code><\/pre>\n<p>Ahora solo faltara colocar los div contenedores que ser\u00e1n rellenados desde php.<\/p>\n<pre><code>&lt;div class=\"wrapper\"&gt;\r\n&lt;?php echo $sp-&gt;showHeader(); # mostrara la cabecera ?&gt;\r\n\r\n&lt;?php echo $sp-&gt;showSlider(); # mostrara el slider ?&gt;\r\n\r\n&lt;?php echo $sp-&gt;showFooter(); # mostrara el footer ?&gt;\r\n&lt;\/div&gt;\r\n<\/code><\/pre>\n<h5>Parametros<\/h5>\n<p><strong>accountID<\/strong><br \/>\n(string) (necesario) El identificador de usuario suministrado por S&amp;P<\/p>\n<p><strong>isoLanguage<\/strong><br \/>\n(string) Idioma en formato ISO 639-1.<\/p>\n<p><strong>isoCountry<\/strong><br \/>\n(string) El pa\u00eds en formato ISO 639-1 para cargar la informaci\u00f3n personalizada seg\u00fan el pa\u00eds.<\/p>\n<p><strong>menuItems<\/strong><br \/>\n(array) <strong>title<\/strong>: Titulo del enlace. <strong>url<\/strong> Enlace relativo al baseURL.<\/p>\n<pre><code>\r\n$sp = new sp_connector();\r\n$sp-&gt;accountID = 'easyvent';\r\n$sp-&gt;isoLanguage = $lang;\r\n$sp-&gt;isoCountry = $country;\r\n$sp-&gt;menuItems = array(\r\narray('title' =&gt; 'Inicio', url =&gt; ''),\r\narray('title' =&gt; 'Cat\u00e1logo', url =&gt; '\/catalogue'),\r\narray('title' =&gt; 'Seletores', url =&gt; '\/selector'),\r\narray('title' =&gt; 'Projeto', url =&gt; '\/project'),\r\narray('title' =&gt; 'Contato', url =&gt; '\/contact'),\r\n);<\/code><\/pre>\n","protected":false},"excerpt":{"rendered":"<p>Cliente Php Desde el cliente Php la carga del contenido se realizara a nivel de servidor. Esta cargara los contenido que se hayan parametrizado en la configuraci\u00f3n. Descargar PHP SDK Instalaci\u00f3n del php Para el correcto funcionamiento deberemos incluir el fichero sp-connector.php para cargar las funcionalidades. \u00a0&lt;?php require_once(&#8216;sp-conector.php&#8217;); ?&gt; Y crearemos una nueva conexi\u00f3n. \u00a0&lt;?php &hellip; <a href=\"https:\/\/wservice.solerpalau.com\/es\/sp-api\/primeros-pasos-con-el-sdk-para-php\/\" class=\"more-link\">Sigue leyendo <span class=\"screen-reader-text\">Primeros pasos con el SDK para PHP<\/span> <span class=\"meta-nav\">&rarr;<\/span><\/a><\/p>\n","protected":false},"author":1,"featured_media":0,"parent":77,"menu_order":0,"comment_status":"closed","ping_status":"closed","template":"","meta":[],"_links":{"self":[{"href":"https:\/\/wservice.solerpalau.com\/es\/wp-json\/wp\/v2\/pages\/143"}],"collection":[{"href":"https:\/\/wservice.solerpalau.com\/es\/wp-json\/wp\/v2\/pages"}],"about":[{"href":"https:\/\/wservice.solerpalau.com\/es\/wp-json\/wp\/v2\/types\/page"}],"author":[{"embeddable":true,"href":"https:\/\/wservice.solerpalau.com\/es\/wp-json\/wp\/v2\/users\/1"}],"replies":[{"embeddable":true,"href":"https:\/\/wservice.solerpalau.com\/es\/wp-json\/wp\/v2\/comments?post=143"}],"version-history":[{"count":5,"href":"https:\/\/wservice.solerpalau.com\/es\/wp-json\/wp\/v2\/pages\/143\/revisions"}],"predecessor-version":[{"id":189,"href":"https:\/\/wservice.solerpalau.com\/es\/wp-json\/wp\/v2\/pages\/143\/revisions\/189"}],"up":[{"embeddable":true,"href":"https:\/\/wservice.solerpalau.com\/es\/wp-json\/wp\/v2\/pages\/77"}],"wp:attachment":[{"href":"https:\/\/wservice.solerpalau.com\/es\/wp-json\/wp\/v2\/media?parent=143"}],"curies":[{"name":"wp","href":"https:\/\/api.w.org\/{rel}","templated":true}]}}