{"id":581,"date":"2014-06-19T09:38:07","date_gmt":"2014-06-19T09:38:07","guid":{"rendered":"http:\/\/wservice.solerpalau.com\/?page_id=581"},"modified":"2014-06-19T09:38:07","modified_gmt":"2014-06-19T09:38:07","slug":"documentacion-rss","status":"publish","type":"page","link":"https:\/\/wservice.solerpalau.com\/es\/documentacion-rss\/","title":{"rendered":"RSS"},"content":{"rendered":"<p>La direcci\u00f3n para el RSS de las noticias es la siguiente:<br \/>\n<code><\/p>\n<pre>\r\nhttp:\/\/wservice.solerpalau.com\/{idioma}\/news\/feed\/\r\n<\/pre>\n<p><\/code><\/p>\n<p>Donde <strong>idioma<\/strong> ser\u00e1 substituido por el c\u00f3digo de idioma. Por ejemplo para las noticias de todos los paises en castellano.<br \/>\n<code><\/p>\n<pre>\r\nhttp:\/\/wservice.solerpalau.com\/es\/news\/feed\/\r\n<\/pre>\n<p><\/code><\/p>\n<p>O para las noticias en ingles.<br \/>\n<code><\/p>\n<pre>\r\nhttp:\/\/wservice.solerpalau.com\/en\/news\/feed\/\r\n<\/pre>\n<p><\/code><\/p>\n<p>Si deseamos filtrar por las noticias de un idioma por un pa\u00eds en concreto deberemos pasar el par\u00e1metro country con los c\u00f3digos que utiliza <strong>S&#038;P<\/strong><\/p>\n<p>Por ejemplo, filtramos las noticias en castellano para Espa\u00f1a<\/p>\n<p><code><\/p>\n<pre>\r\nhttp:\/\/wservice.solerpalau.com\/es\/news\/feed\/?country=00005\r\n<\/pre>\n<p><\/code><br \/>\nO para el caso de Reino Unido con las noticias.<br \/>\n<code><\/p>\n<pre>\r\nhttp:\/\/wservice.solerpalau.com\/es\/news\/feed\/?country=00005\r\n\r\nhttp:\/\/wservice.solerpalau.com\/en\/news\/feed\/?country=00005\r\n<\/pre>\n<p><\/code><\/p>\n","protected":false},"excerpt":{"rendered":"<p>La direcci\u00f3n para el RSS de las noticias es la siguiente: http:\/\/wservice.solerpalau.com\/{idioma}\/news\/feed\/ Donde idioma ser\u00e1 substituido por el c\u00f3digo de idioma. Por ejemplo para las noticias de todos los paises en castellano. http:\/\/wservice.solerpalau.com\/es\/news\/feed\/ O para las noticias en ingles. http:\/\/wservice.solerpalau.com\/en\/news\/feed\/ Si deseamos filtrar por las noticias de un idioma por un pa\u00eds en concreto deberemos &hellip; <a href=\"https:\/\/wservice.solerpalau.com\/es\/documentacion-rss\/\" class=\"more-link\">Sigue leyendo <span class=\"screen-reader-text\">RSS<\/span> <span class=\"meta-nav\">&rarr;<\/span><\/a><\/p>\n","protected":false},"author":1,"featured_media":0,"parent":0,"menu_order":0,"comment_status":"closed","ping_status":"closed","template":"","meta":[],"_links":{"self":[{"href":"https:\/\/wservice.solerpalau.com\/es\/wp-json\/wp\/v2\/pages\/581"}],"collection":[{"href":"https:\/\/wservice.solerpalau.com\/es\/wp-json\/wp\/v2\/pages"}],"about":[{"href":"https:\/\/wservice.solerpalau.com\/es\/wp-json\/wp\/v2\/types\/page"}],"author":[{"embeddable":true,"href":"https:\/\/wservice.solerpalau.com\/es\/wp-json\/wp\/v2\/users\/1"}],"replies":[{"embeddable":true,"href":"https:\/\/wservice.solerpalau.com\/es\/wp-json\/wp\/v2\/comments?post=581"}],"version-history":[{"count":1,"href":"https:\/\/wservice.solerpalau.com\/es\/wp-json\/wp\/v2\/pages\/581\/revisions"}],"predecessor-version":[{"id":583,"href":"https:\/\/wservice.solerpalau.com\/es\/wp-json\/wp\/v2\/pages\/581\/revisions\/583"}],"wp:attachment":[{"href":"https:\/\/wservice.solerpalau.com\/es\/wp-json\/wp\/v2\/media?parent=581"}],"curies":[{"name":"wp","href":"https:\/\/api.w.org\/{rel}","templated":true}]}}