{"id":77,"date":"2013-11-22T16:39:37","date_gmt":"2013-11-22T16:39:37","guid":{"rendered":"http:\/\/wservice.solerpalau.com\/?page_id=77"},"modified":"2013-11-26T12:56:07","modified_gmt":"2013-11-26T12:56:07","slug":"sp-api","status":"publish","type":"page","link":"https:\/\/wservice.solerpalau.com\/es\/","title":{"rendered":"Primeros pasos"},"content":{"rendered":"<p>La integraci\u00f3n en su sitio web o aplicaci\u00f3n web con S&#038;P hace que sea m\u00e1s \u00e1gil y din\u00e1mica. La plataforma de S&#038;P API proporciona las herramientas que necesita para que integrar los contenidos suministrador por S&#038;P a su sitio web.<\/p>\n<h2>SDKs<\/h2>\n<ul>\n<li>\n<h3><a href=\"\/sp-api\/primeros-pasos-con-el-sdk-para-javascript\/\">Javascript<\/a><\/h3>\n<\/li>\n<li>\n<h3><a href=\"\/sp-api\/primeros-pasos-con-el-sdk-para-php\/\">PHP<\/a><\/h3>\n<\/li>\n<\/ul>\n<p><!--\nHay disponibles dos tipos de conexi\u00f3n. Una desde cliente (<a href=\"#cliente-javascript\">Javascript<\/a>) y otra a nivel de servidor (<a href=\"#cliente-php\">Php<\/a>).\n--><\/p>\n","protected":false},"excerpt":{"rendered":"<p>La integraci\u00f3n en su sitio web o aplicaci\u00f3n web con S&#038;P hace que sea m\u00e1s \u00e1gil y din\u00e1mica. La plataforma de S&#038;P API proporciona las herramientas que necesita para que integrar los contenidos suministrador por S&#038;P a su sitio web. SDKs Javascript PHP<\/p>\n","protected":false},"author":1,"featured_media":0,"parent":0,"menu_order":0,"comment_status":"closed","ping_status":"closed","template":"","meta":[],"_links":{"self":[{"href":"https:\/\/wservice.solerpalau.com\/es\/wp-json\/wp\/v2\/pages\/77"}],"collection":[{"href":"https:\/\/wservice.solerpalau.com\/es\/wp-json\/wp\/v2\/pages"}],"about":[{"href":"https:\/\/wservice.solerpalau.com\/es\/wp-json\/wp\/v2\/types\/page"}],"author":[{"embeddable":true,"href":"https:\/\/wservice.solerpalau.com\/es\/wp-json\/wp\/v2\/users\/1"}],"replies":[{"embeddable":true,"href":"https:\/\/wservice.solerpalau.com\/es\/wp-json\/wp\/v2\/comments?post=77"}],"version-history":[{"count":35,"href":"https:\/\/wservice.solerpalau.com\/es\/wp-json\/wp\/v2\/pages\/77\/revisions"}],"predecessor-version":[{"id":167,"href":"https:\/\/wservice.solerpalau.com\/es\/wp-json\/wp\/v2\/pages\/77\/revisions\/167"}],"wp:attachment":[{"href":"https:\/\/wservice.solerpalau.com\/es\/wp-json\/wp\/v2\/media?parent=77"}],"curies":[{"name":"wp","href":"https:\/\/api.w.org\/{rel}","templated":true}]}}